{"id":114,"date":"2019-07-21T20:23:21","date_gmt":"2019-07-21T20:23:21","guid":{"rendered":"https:\/\/hammann-hassloch.de\/?page_id=114"},"modified":"2019-07-24T18:12:47","modified_gmt":"2019-07-24T18:12:47","slug":"so-finden-sie-uns","status":"publish","type":"page","link":"https:\/\/hammann-hassloch.de\/index.php\/so-finden-sie-uns\/","title":{"rendered":"so finden Sie zu uns"},"content":{"rendered":"\n<p><strong>Besuchen Sie uns in Hassloch !<br><\/strong>in unseren Ausstellungsr\u00e4umen k\u00f6nnen Sie sich jederzeit bestens und unverbindlich informieren.<br>Sie finden ein gro\u00dfes Sortiment moderner Imkereiger\u00e4te: HAMMANN- WABEN,   NEKTAPOLL, Schutzkleidung, Honigschleudern in gro\u00dfer Auswahl,   Entdecklungsger\u00e4te, Honiggef\u00e4\u00dfe, Honigr\u00fchr- und\u00a0 Auftauger\u00e4te und vieles   mehr.<\/p>\n\n\n\n<p><strong>Der Weg zu uns:<\/strong><br>Hassloch liegt in der Pfalz, ca. 100 km s\u00fcdlich von Frankfurt und ca. 25 km westlich von Ludwigshafen\/Mannheim.<br>Sie erreichen uns \u00fcber die <strong>AutobahnA65<\/strong> \u2013 <strong>AbfahrtHassloch<\/strong>.<br>Dort folgen Sie bitte der Beschilderung <strong>\u201aIndustriegebiet S\u00fcd\u2018<\/strong> oder<strong> \u201aT\u00dcV\u2018<\/strong>.<br>Unser Betrieb liegt etwa 5 Minuten von der Autobahnabfahrt entfernt.  <\/p>\n\n\n\n<figure class=\"wp-block-image is-resized\"><img fetchpriority=\"high\" decoding=\"async\" src=\"https:\/\/hammann-shop.de\/diatype\/wp-content\/uploads\/2013\/10\/wsb_600x756_stadtplan2-e1401091512178.jpg\" alt=\"https:\/\/hammann-shop.de\/diatype\/wp-content\/uploads\/2013\/10\/wsb_600x756_stadtplan2-e1401091512178.jpg\" width=\"397\" height=\"525\"\/><\/figure>\n\n\n\n<p><strong>Heinrich Hammann GmbH &amp; Co. KG<\/strong><br>Fabrikstrasse 6   67454 Hassloch\/Germany   Telefon 06324 3001<\/p>\n\n\n\n<p><strong>\u00d6ffnungszeiten<\/strong>:<br>Montag bis Freitag: 8\u201312, 13-17 Uhr,  Samstag: 8\u201312 Uhr<\/p>\n","protected":false},"excerpt":{"rendered":"<p>Besuchen Sie uns in Hassloch !in unseren Ausstellungsr\u00e4umen k\u00f6nnen Sie sich jederzeit bestens und unverbindlich informieren.Sie finden ein gro\u00dfes Sortiment moderner Imkereiger\u00e4te: HAMMANN- WABEN, NEKTAPOLL, Schutzkleidung, Honigschleudern&hellip;<\/p>\n<p> <a class=\"more-link\" href=\"https:\/\/hammann-hassloch.de\/index.php\/so-finden-sie-uns\/\">Weiterlesen<\/a><\/p>\n","protected":false},"author":1,"featured_media":0,"parent":0,"menu_order":0,"comment_status":"closed","ping_status":"closed","template":"","meta":{"footnotes":""},"class_list":["post-114","page","type-page","status-publish"],"_links":{"self":[{"href":"https:\/\/hammann-hassloch.de\/index.php\/wp-json\/wp\/v2\/pages\/114","targetHints":{"allow":["GET"]}}],"collection":[{"href":"https:\/\/hammann-hassloch.de\/index.php\/wp-json\/wp\/v2\/pages"}],"about":[{"href":"https:\/\/hammann-hassloch.de\/index.php\/wp-json\/wp\/v2\/types\/page"}],"author":[{"embeddable":true,"href":"https:\/\/hammann-hassloch.de\/index.php\/wp-json\/wp\/v2\/users\/1"}],"replies":[{"embeddable":true,"href":"https:\/\/hammann-hassloch.de\/index.php\/wp-json\/wp\/v2\/comments?post=114"}],"version-history":[{"count":3,"href":"https:\/\/hammann-hassloch.de\/index.php\/wp-json\/wp\/v2\/pages\/114\/revisions"}],"predecessor-version":[{"id":173,"href":"https:\/\/hammann-hassloch.de\/index.php\/wp-json\/wp\/v2\/pages\/114\/revisions\/173"}],"wp:attachment":[{"href":"https:\/\/hammann-hassloch.de\/index.php\/wp-json\/wp\/v2\/media?parent=114"}],"curies":[{"name":"wp","href":"https:\/\/api.w.org\/{rel}","templated":true}]}}