{"id":8,"date":"2019-07-19T09:50:02","date_gmt":"2019-07-19T09:50:02","guid":{"rendered":"https:\/\/hammann-hassloch.de\/?page_id=8"},"modified":"2021-05-06T14:25:10","modified_gmt":"2021-05-06T14:25:10","slug":"startseite","status":"publish","type":"page","link":"https:\/\/hammann-hassloch.de\/","title":{"rendered":"Startseite"},"content":{"rendered":"<h2><strong>Hammann &#8211; Hassloch GmbH<br \/>\n<\/strong><\/h2>\n<p><em>seit 1895 alles f\u00fcr den Imker<\/em><\/p>\n<p><strong>Willkommen auf unserer Internetseite !<\/strong><\/p>\n<p>Seit \u00fcber 125 Jahren haben wir uns auf die Herstellung von Imkereiger\u00e4ten spezialisiert.<br \/>\nIn f\u00fcnfter Generation produzieren wir in unserem Familienbetrieb alles, was der Imker braucht.<\/p>\n<p>Unsere Produkte werden heute weltweit vertrieben und sind bekannt f\u00fcr Ihre Qualit\u00e4t. Durch unser reichhaltiges Sortiment bieten wir jedem Imker, ob Freizeit- oder Berufsimker, alles was er erwartet. In einer gro\u00dfz\u00fcgigen Ausstellung und bei kompetenter Beratung kann sich jeder Imker bei uns unverbindlich informieren.<\/p>\n<p>\u201aMade in Germany\u2018 ist ein wesentlicher Qualit\u00e4tsvorsprung, den wir durch hohe eigene Fertigungstiefe gew\u00e4hrleisten. Hierzu z\u00e4hlen unter anderem die eigene Wachsverarbeitung, Futtermittelherstellung, Metall-, Holz- und Kunststoffverarbeitung.<br \/>\nHaben wir Ihr Interesse geweckt ? Schauen Sie sich auf unseren Internetseiten um oder besuchen Sie uns in Hassloch.<\/p>\n<p><strong>Hammann-Hassloch GmbH<br \/>\n<\/strong>Fabrikstrasse 6,\u00a0 67454 Hassloch, Telefon: 06324 3001<\/p>\n<p><strong>Gesch\u00e4ftszeiten:<br \/>\n<\/strong>Montag \u2013 Freitag: 8:00 \u2013 12:00 Uhr, 13:00 \u2013 17:00 Uhr, Samstag: 8:00 \u2013 12:00 Uhr<\/p>\n","protected":false},"excerpt":{"rendered":"<p>Hammann &#8211; Hassloch GmbH seit 1895 alles f\u00fcr den Imker Willkommen auf unserer Internetseite ! Seit \u00fcber 125 Jahren haben wir uns auf die Herstellung von Imkereiger\u00e4ten&hellip;<\/p>\n<p> <a class=\"more-link\" href=\"https:\/\/hammann-hassloch.de\/\">Weiterlesen<\/a><\/p>\n","protected":false},"author":1,"featured_media":0,"parent":0,"menu_order":0,"comment_status":"closed","ping_status":"closed","template":"","meta":{"footnotes":""},"class_list":["post-8","page","type-page","status-publish"],"_links":{"self":[{"href":"https:\/\/hammann-hassloch.de\/index.php\/wp-json\/wp\/v2\/pages\/8","targetHints":{"allow":["GET"]}}],"collection":[{"href":"https:\/\/hammann-hassloch.de\/index.php\/wp-json\/wp\/v2\/pages"}],"about":[{"href":"https:\/\/hammann-hassloch.de\/index.php\/wp-json\/wp\/v2\/types\/page"}],"author":[{"embeddable":true,"href":"https:\/\/hammann-hassloch.de\/index.php\/wp-json\/wp\/v2\/users\/1"}],"replies":[{"embeddable":true,"href":"https:\/\/hammann-hassloch.de\/index.php\/wp-json\/wp\/v2\/comments?post=8"}],"version-history":[{"count":9,"href":"https:\/\/hammann-hassloch.de\/index.php\/wp-json\/wp\/v2\/pages\/8\/revisions"}],"predecessor-version":[{"id":246,"href":"https:\/\/hammann-hassloch.de\/index.php\/wp-json\/wp\/v2\/pages\/8\/revisions\/246"}],"wp:attachment":[{"href":"https:\/\/hammann-hassloch.de\/index.php\/wp-json\/wp\/v2\/media?parent=8"}],"curies":[{"name":"wp","href":"https:\/\/api.w.org\/{rel}","templated":true}]}}